{"id":12755,"date":"2025-04-01T07:37:13","date_gmt":"2025-04-01T07:37:13","guid":{"rendered":"http:\/\/tt.test.wp\/producto\/"},"modified":"2025-07-17T07:26:48","modified_gmt":"2025-07-17T07:26:48","slug":"producto","status":"publish","type":"page","link":"https:\/\/www.ecopulppak.com\/es\/producto\/","title":{"rendered":"Producto"},"content":{"rendered":"\t\t<div data-elementor-type=\"wp-page\" data-elementor-id=\"12755\" class=\"elementor elementor-12755 elementor-2183\" data-elementor-post-type=\"page\">\n\t\t\t\t<div class=\"elementor-element elementor-element-4b7fe0bf e-flex e-con-boxed e-con e-parent\" data-id=\"4b7fe0bf\" data-element_type=\"container\">\n\t\t\t\t\t<div class=\"e-con-inner\">\n\t\t<div class=\"elementor-element elementor-element-63c7effc e-con-full elementor-hidden-mobile e-flex e-con e-child\" data-id=\"63c7effc\" data-element_type=\"container\">\n\t\t\t\t<div class=\"elementor-element elementor-element-56c28150 elementor-widget elementor-widget-heading\" data-id=\"56c28150\" data-element_type=\"widget\" data-widget_type=\"heading.default\">\n\t\t\t\t\t<h3 class=\"elementor-heading-title elementor-size-default\">CATEGOR\u00cdAS<\/h3>\t\t\t\t<\/div>\n\t\t\t\t<div class=\"elementor-element elementor-element-142f2a25 elementor-widget elementor-widget-template\" data-id=\"142f2a25\" data-element_type=\"widget\" data-widget_type=\"template.default\">\n\t\t\t\t<div class=\"elementor-widget-container\">\n\t\t\t\t\t\t\t<div class=\"elementor-template\">\r\n\t\t\t\t\t<div data-elementor-type=\"product-archive\" data-elementor-id=\"12236\" class=\"elementor elementor-12236 elementor-628 product\" data-elementor-post-type=\"elementor_library\">\r\n\t\t\t<div class=\"elementor-element elementor-element-03eb50b e-flex e-con-boxed e-con e-parent\" data-id=\"03eb50b\" data-element_type=\"container\">\n\t\t\t\t\t<div class=\"e-con-inner\">\n\t\t\t\t<div class=\"elementor-element elementor-element-90c3c3e elementor-widget__width-inherit elementor-nav-menu__text-align-aside elementor-widget elementor-widget-nav-menu\" data-id=\"90c3c3e\" data-element_type=\"widget\" data-settings=\"{&quot;layout&quot;:&quot;dropdown&quot;,&quot;submenu_icon&quot;:{&quot;value&quot;:&quot;&lt;svg aria-hidden=\\&quot;true\\&quot; class=\\&quot;e-font-icon-svg e-fas-caret-down\\&quot; viewBox=\\&quot;0 0 320 512\\&quot; xmlns=\\&quot;http:\\\/\\\/www.w3.org\\\/2000\\\/svg\\&quot;&gt;&lt;path d=\\&quot;M31.3 192h257.3c17.8 0 26.7 21.5 14.1 34.1L174.1 354.8c-7.8 7.8-20.5 7.8-28.3 0L17.2 226.1C4.6 213.5 13.5 192 31.3 192z\\&quot;&gt;&lt;\\\/path&gt;&lt;\\\/svg&gt;&quot;,&quot;library&quot;:&quot;fa-solid&quot;}}\" data-widget_type=\"nav-menu.default\">\n\t\t\t\t\t\t\t\t<nav class=\"elementor-nav-menu--dropdown elementor-nav-menu__container\" aria-hidden=\"true\">\r\n\t\t\t\t<ul id=\"menu-2-90c3c3e\" class=\"elementor-nav-menu\"><li class=\"menu-item menu-item-type-post_type menu-item-object-page menu-item-13738\"><a href=\"https:\/\/www.ecopulppak.com\/sugarcane-bagasse-cutlery\/\" class=\"elementor-item\" tabindex=\"-1\">Cubiertos de bagazo de ca\u00f1a de az\u00facar<\/a><\/li>\n<li class=\"menu-item menu-item-type-post_type menu-item-object-page menu-item-13735\"><a href=\"https:\/\/www.ecopulppak.com\/sugarcane-bagasse-bowl\/\" class=\"elementor-item\" tabindex=\"-1\">Taz\u00f3n de bagazo de ca\u00f1a de az\u00facar<\/a><\/li>\n<li class=\"menu-item menu-item-type-post_type menu-item-object-page menu-item-13739\"><a href=\"https:\/\/www.ecopulppak.com\/sugarcane-bagasse-plate\/\" class=\"elementor-item\" tabindex=\"-1\">Plato de bagazo de ca\u00f1a de az\u00facar<\/a><\/li>\n<li class=\"menu-item menu-item-type-post_type menu-item-object-page menu-item-13736\"><a href=\"https:\/\/www.ecopulppak.com\/sugarcane-bagasse-container\/\" class=\"elementor-item\" tabindex=\"-1\">Contenedor de bagazo de ca\u00f1a de az\u00facar<\/a><\/li>\n<li class=\"menu-item menu-item-type-post_type menu-item-object-page menu-item-13737\"><a href=\"https:\/\/www.ecopulppak.com\/sugarcane-bagasse-cups\/\" class=\"elementor-item\" tabindex=\"-1\">Tazas de bagazo de ca\u00f1a de az\u00facar<\/a><\/li>\n<li class=\"menu-item menu-item-type-post_type menu-item-object-page menu-item-13734\"><a href=\"https:\/\/www.ecopulppak.com\/paper-straw\/\" class=\"elementor-item\" tabindex=\"-1\">Pajita de papel<\/a><\/li>\n<li class=\"menu-item menu-item-type-post_type menu-item-object-page menu-item-13730\"><a href=\"https:\/\/www.ecopulppak.com\/paper-bowl\/\" class=\"elementor-item\" tabindex=\"-1\">Cuenco de papel<\/a><\/li>\n<li class=\"menu-item menu-item-type-post_type menu-item-object-page menu-item-13733\"><a href=\"https:\/\/www.ecopulppak.com\/paper-plate\/\" class=\"elementor-item\" tabindex=\"-1\">Plato de papel<\/a><\/li>\n<li class=\"menu-item menu-item-type-post_type menu-item-object-page menu-item-13731\"><a href=\"https:\/\/www.ecopulppak.com\/paper-container\/\" class=\"elementor-item\" tabindex=\"-1\">Contenedor de papel<\/a><\/li>\n<li class=\"menu-item menu-item-type-post_type menu-item-object-page menu-item-13732\"><a href=\"https:\/\/www.ecopulppak.com\/paper-cups\/\" class=\"elementor-item\" tabindex=\"-1\">Vasos de papel<\/a><\/li>\n<\/ul>\t\t\t<\/nav>\r\n\t\t\t\t\t\t<\/div>\n\t\t\t\t\t<\/div>\n\t\t\t\t<\/div>\n\t\t\t\t<\/div>\r\n\t\t\t\t<\/div>\r\n\t\t\t\t\t\t<\/div>\n\t\t\t\t<\/div>\n\t\t\t\t<\/div>\n\t\t<div class=\"elementor-element elementor-element-3b8916c3 e-con-full e-flex e-con e-child\" data-id=\"3b8916c3\" data-element_type=\"container\">\n\t\t\t\t<div class=\"elementor-element elementor-element-3d97483e elementor-widget elementor-widget-heading\" data-id=\"3d97483e\" data-element_type=\"widget\" data-widget_type=\"heading.default\">\n\t\t\t\t\t<h2 class=\"elementor-heading-title elementor-size-default\">Producto<\/h2>\t\t\t\t<\/div>\n\t\t\t\t<div class=\"elementor-element elementor-element-103c671 elementor-widget elementor-widget-kevinchen_category_products\" data-id=\"103c671\" data-element_type=\"widget\" data-widget_type=\"kevinchen_category_products.default\">\n\t\t\t\t<div class=\"elementor-widget-container\">\n\t\t\t\t\t        <div class=\"kevinchen-category-products-widget\" data-widget-id=\"103c671\" data-current-page=\"1\" data-categories=\"45,46,47,48,52,53,54,55,56\" data-products-per-page=\"12\" data-columns=\"3\">\n            <div class=\"kcp-products-container\">\n                                    <div class=\"kcp-products-grid columns-3\">\n                                                                                <div class=\"kcp-product-item\">\n                                <a href=\"https:\/\/www.ecopulppak.com\/es\/vasos-de-papel\/tazas-calientes-de-4-oz\/\" class=\"kcp-product-link\">\n                                    <div class=\"kcp-product-image-wrapper\">\n                                        <img decoding=\"async\" src=\"https:\/\/www.ecopulppak.com\/wp-content\/uploads\/2026\/03\/4-oz-hot-cups-1-300x300.jpg\" alt=\"Tazas calientes de 4 oz\" class=\"kcp-product-image\">\n                                    <\/div>\n                                    <h3 class=\"kcp-product-title\">Tazas calientes de 4 oz<\/h3>\n                                <\/a>\n                            <\/div>\n                                                                                <div class=\"kcp-product-item\">\n                                <a href=\"https:\/\/www.ecopulppak.com\/es\/cuenco-de-papel\/cuenco-de-papel-redondo\/\" class=\"kcp-product-link\">\n                                    <div class=\"kcp-product-image-wrapper\">\n                                        <img decoding=\"async\" src=\"https:\/\/www.ecopulppak.com\/wp-content\/uploads\/2026\/03\/round-paper-bowl-1-300x300.jpg\" alt=\"Cuenco de papel redondo\" class=\"kcp-product-image\">\n                                    <\/div>\n                                    <h3 class=\"kcp-product-title\">Cuenco de papel redondo<\/h3>\n                                <\/a>\n                            <\/div>\n                                                                                <div class=\"kcp-product-item\">\n                                <a href=\"https:\/\/www.ecopulppak.com\/es\/contenedor-de-bagazo-de-cana-de-azucar\/cajas-desechables-ecologicas\/\" class=\"kcp-product-link\">\n                                    <div class=\"kcp-product-image-wrapper\">\n                                        <img decoding=\"async\" src=\"https:\/\/www.ecopulppak.com\/wp-content\/uploads\/2026\/02\/eco-friendly-disposable-boxes-1-300x300.jpg\" alt=\"Cajas desechables ecol\u00f3gicas\" class=\"kcp-product-image\">\n                                    <\/div>\n                                    <h3 class=\"kcp-product-title\">Cajas desechables ecol\u00f3gicas<\/h3>\n                                <\/a>\n                            <\/div>\n                                                                                <div class=\"kcp-product-item\">\n                                <a href=\"https:\/\/www.ecopulppak.com\/es\/pajita-de-papel\/paja-desechable\/\" class=\"kcp-product-link\">\n                                    <div class=\"kcp-product-image-wrapper\">\n                                        <img decoding=\"async\" src=\"https:\/\/www.ecopulppak.com\/wp-content\/uploads\/2025\/12\/disposable-straw-1-300x300.jpg\" alt=\"Paja desechable\" class=\"kcp-product-image\">\n                                    <\/div>\n                                    <h3 class=\"kcp-product-title\">Paja desechable<\/h3>\n                                <\/a>\n                            <\/div>\n                                                                                <div class=\"kcp-product-item\">\n                                <a href=\"https:\/\/www.ecopulppak.com\/es\/contenedor-de-bagazo-de-cana-de-azucar\/recipientes-de-bagazo-de-cana-de-azucar\/\" class=\"kcp-product-link\">\n                                    <div class=\"kcp-product-image-wrapper\">\n                                        <img decoding=\"async\" src=\"https:\/\/www.ecopulppak.com\/wp-content\/uploads\/2025\/12\/sugarcane-bagasse-containers-1-300x300.jpg\" alt=\"Recipientes de bagazo de ca\u00f1a de az\u00facar\" class=\"kcp-product-image\">\n                                    <\/div>\n                                    <h3 class=\"kcp-product-title\">Recipientes de bagazo de ca\u00f1a de az\u00facar<\/h3>\n                                <\/a>\n                            <\/div>\n                                                                                <div class=\"kcp-product-item\">\n                                <a href=\"https:\/\/www.ecopulppak.com\/es\/contenedor-de-bagazo-de-cana-de-azucar\/recipiente-desechable-para-sopa\/\" class=\"kcp-product-link\">\n                                    <div class=\"kcp-product-image-wrapper\">\n                                        <img decoding=\"async\" src=\"https:\/\/www.ecopulppak.com\/wp-content\/uploads\/2025\/12\/disposable-soup-container-1-300x300.jpg\" alt=\"Recipiente desechable para sopa\" class=\"kcp-product-image\">\n                                    <\/div>\n                                    <h3 class=\"kcp-product-title\">Recipiente desechable para sopa<\/h3>\n                                <\/a>\n                            <\/div>\n                                                                                <div class=\"kcp-product-item\">\n                                <a href=\"https:\/\/www.ecopulppak.com\/es\/contenedor-de-bagazo-de-cana-de-azucar\/recipientes-compostables-para-sopas\/\" class=\"kcp-product-link\">\n                                    <div class=\"kcp-product-image-wrapper\">\n                                        <img decoding=\"async\" src=\"https:\/\/www.ecopulppak.com\/wp-content\/uploads\/2025\/12\/compostable-soup-containers-3-1-300x300.jpg\" alt=\"Recipientes compostables para sopas\" class=\"kcp-product-image\">\n                                    <\/div>\n                                    <h3 class=\"kcp-product-title\">Recipientes compostables para sopas<\/h3>\n                                <\/a>\n                            <\/div>\n                                                                                <div class=\"kcp-product-item\">\n                                <a href=\"https:\/\/www.ecopulppak.com\/es\/contenedor-de-bagazo-de-cana-de-azucar\/envases-biodegradables-para-sushi\/\" class=\"kcp-product-link\">\n                                    <div class=\"kcp-product-image-wrapper\">\n                                        <img decoding=\"async\" src=\"https:\/\/www.ecopulppak.com\/wp-content\/uploads\/2025\/12\/biodegradable-sushi-containers-1-300x300.jpg\" alt=\"Envases biodegradables para sushi\" class=\"kcp-product-image\">\n                                    <\/div>\n                                    <h3 class=\"kcp-product-title\">Envases biodegradables para sushi<\/h3>\n                                <\/a>\n                            <\/div>\n                                                                                <div class=\"kcp-product-item\">\n                                <a href=\"https:\/\/www.ecopulppak.com\/es\/contenedor-de-bagazo-de-cana-de-azucar\/cajas-de-sushi-para-llevar\/\" class=\"kcp-product-link\">\n                                    <div class=\"kcp-product-image-wrapper\">\n                                        <img decoding=\"async\" src=\"https:\/\/www.ecopulppak.com\/wp-content\/uploads\/2025\/12\/sushi-takeaway-boxes-1-300x300.jpg\" alt=\"Cajas de sushi para llevar\" class=\"kcp-product-image\">\n                                    <\/div>\n                                    <h3 class=\"kcp-product-title\">Cajas de sushi para llevar<\/h3>\n                                <\/a>\n                            <\/div>\n                                                                                <div class=\"kcp-product-item\">\n                                <a href=\"https:\/\/www.ecopulppak.com\/es\/contenedor-de-bagazo-de-cana-de-azucar\/caja-bento-de-embalaje\/\" class=\"kcp-product-link\">\n                                    <div class=\"kcp-product-image-wrapper\">\n                                        <img decoding=\"async\" src=\"https:\/\/www.ecopulppak.com\/wp-content\/uploads\/2025\/12\/packaging-bento-box-1-300x300.jpg\" alt=\"Caja Bento de embalaje\" class=\"kcp-product-image\">\n                                    <\/div>\n                                    <h3 class=\"kcp-product-title\">Caja Bento de embalaje<\/h3>\n                                <\/a>\n                            <\/div>\n                                                                                <div class=\"kcp-product-item\">\n                                <a href=\"https:\/\/www.ecopulppak.com\/es\/contenedor-de-bagazo-de-cana-de-azucar\/envase-tipo-concha-de-alimentos\/\" class=\"kcp-product-link\">\n                                    <div class=\"kcp-product-image-wrapper\">\n                                        <img decoding=\"async\" src=\"https:\/\/www.ecopulppak.com\/wp-content\/uploads\/2025\/12\/food-clamshell-packaging-2-300x300.jpg\" alt=\"Envase tipo concha de alimentos\" class=\"kcp-product-image\">\n                                    <\/div>\n                                    <h3 class=\"kcp-product-title\">Envase tipo concha de alimentos<\/h3>\n                                <\/a>\n                            <\/div>\n                                                                                <div class=\"kcp-product-item\">\n                                <a href=\"https:\/\/www.ecopulppak.com\/es\/contenedor-de-bagazo-de-cana-de-azucar\/concha-compostable\/\" class=\"kcp-product-link\">\n                                    <div class=\"kcp-product-image-wrapper\">\n                                        <img decoding=\"async\" src=\"https:\/\/www.ecopulppak.com\/wp-content\/uploads\/2025\/12\/compostable-clamshell-300x300.jpg\" alt=\"Concha compostable\" class=\"kcp-product-image\">\n                                    <\/div>\n                                    <h3 class=\"kcp-product-title\">Concha compostable<\/h3>\n                                <\/a>\n                            <\/div>\n                                            <\/div>\n                    \n                                            <div class=\"kcp-pagination\">\n                            <div class=\"kcp-pagination-numbers\"><span class=\"kcp-pagination-number current\">1<\/span><a href=\"#\" class=\"kcp-pagination-number\" data-page=\"2\">2<\/a><a href=\"#\" class=\"kcp-pagination-number\" data-page=\"3\">3<\/a><span class=\"kcp-pagination-dots\">&hellip;<\/span><a href=\"#\" class=\"kcp-pagination-number\" data-page=\"8\">8<\/a><\/div><a href=\"#\" class=\"kcp-pagination-next\" data-page=\"2\" aria-label=\"\u4e0b\u4e00\u9875\">&raquo;<\/a>                        <\/div>\n                                        \n                                \n                            <\/div>\n        <\/div>\n        \t\t\t\t<\/div>\n\t\t\t\t<\/div>\n\t\t\t\t<\/div>\n\t\t\t\t\t<\/div>\n\t\t\t\t<\/div>\n\t\t\t\t<\/div>\n\t\t","protected":false},"excerpt":{"rendered":"<p>CATEGOR\u00cdAS Producto 10 Oz Paper Cups 12Oz Double Wall Cups Paper Bowl 12 Oz 16 Oz Paper Bowls Paper Party Bowls Hot Soup Paper Bowl Bagasse Clamshell Burger Box Supplier 5 Compartment Food Container 4 Compartment Food Containers Biodegradable Clamshell 5 Compartment Disposable Plates 123&hellip;5&raquo;<\/p>\n","protected":false},"author":2,"featured_media":0,"parent":0,"menu_order":0,"comment_status":"closed","ping_status":"closed","template":"","meta":{"footnotes":""},"class_list":["post-12755","page","type-page","status-publish","hentry"],"_links":{"self":[{"href":"https:\/\/www.ecopulppak.com\/es\/wp-json\/wp\/v2\/pages\/12755","targetHints":{"allow":["GET"]}}],"collection":[{"href":"https:\/\/www.ecopulppak.com\/es\/wp-json\/wp\/v2\/pages"}],"about":[{"href":"https:\/\/www.ecopulppak.com\/es\/wp-json\/wp\/v2\/types\/page"}],"author":[{"embeddable":true,"href":"https:\/\/www.ecopulppak.com\/es\/wp-json\/wp\/v2\/users\/2"}],"replies":[{"embeddable":true,"href":"https:\/\/www.ecopulppak.com\/es\/wp-json\/wp\/v2\/comments?post=12755"}],"version-history":[{"count":0,"href":"https:\/\/www.ecopulppak.com\/es\/wp-json\/wp\/v2\/pages\/12755\/revisions"}],"wp:attachment":[{"href":"https:\/\/www.ecopulppak.com\/es\/wp-json\/wp\/v2\/media?parent=12755"}],"curies":[{"name":"wp","href":"https:\/\/api.w.org\/{rel}","templated":true}]}}