{"id":12782,"date":"2025-04-02T07:46:11","date_gmt":"2025-04-02T07:46:11","guid":{"rendered":"http:\/\/tt.test.wp\/nouvelles\/"},"modified":"2026-01-30T07:26:05","modified_gmt":"2026-01-30T07:26:05","slug":"nouvelles","status":"publish","type":"page","link":"https:\/\/www.ecopulppak.com\/fr\/nouvelles\/","title":{"rendered":"ACTUALIT\u00c9S"},"content":{"rendered":"\t\t<div data-elementor-type=\"wp-page\" data-elementor-id=\"12782\" class=\"elementor elementor-12782 elementor-2212\" data-elementor-post-type=\"page\">\n\t\t\t\t<div class=\"elementor-element elementor-element-0727f7f e-flex e-con-boxed e-con e-parent\" data-id=\"0727f7f\" data-element_type=\"container\" data-settings=\"{&quot;background_background&quot;:&quot;classic&quot;}\">\n\t\t\t\t\t<div class=\"e-con-inner\">\n\t\t\t\t<div class=\"elementor-element elementor-element-d5d5f57 elementor-widget elementor-widget-heading\" data-id=\"d5d5f57\" data-element_type=\"widget\" data-widget_type=\"heading.default\">\n\t\t\t\t\t<h1 class=\"elementor-heading-title elementor-size-default\">ACTUALIT\u00c9S et CONNAISSANCES<\/h1>\t\t\t\t<\/div>\n\t\t\t\t\t<\/div>\n\t\t\t\t<\/div>\n\t\t<div class=\"elementor-element elementor-element-efcbe06 e-flex e-con-boxed e-con e-parent\" data-id=\"efcbe06\" data-element_type=\"container\">\n\t\t\t\t\t<div class=\"e-con-inner\">\n\t\t<div class=\"elementor-element elementor-element-326516c e-con-full e-flex e-con e-child\" data-id=\"326516c\" data-element_type=\"container\">\n\t\t\t\t<div class=\"elementor-element elementor-element-8b63b3d elementor-widget elementor-widget-heading\" data-id=\"8b63b3d\" data-element_type=\"widget\" data-widget_type=\"heading.default\">\n\t\t\t\t\t<h3 class=\"elementor-heading-title elementor-size-default\">Derni\u00e8res actualit\u00e9s<\/h3>\t\t\t\t<\/div>\n\t\t\t\t<\/div>\n\t\t<div class=\"elementor-element elementor-element-03f7c3b e-con-full e-flex e-con e-child\" data-id=\"03f7c3b\" data-element_type=\"container\">\n\t\t\t\t<div class=\"elementor-element elementor-element-ab57f7a elementor-widget elementor-widget-heading\" data-id=\"ab57f7a\" data-element_type=\"widget\" data-widget_type=\"heading.default\">\n\t\t\t\t\t<h3 class=\"elementor-heading-title elementor-size-default\">Connaissances<\/h3>\t\t\t\t<\/div>\n\t\t\t\t<div class=\"elementor-element elementor-element-b5f152b elementor-widget elementor-widget-heading\" data-id=\"b5f152b\" data-element_type=\"widget\" data-widget_type=\"heading.default\">\n\t\t\t\t\t<h3 class=\"elementor-heading-title elementor-size-default\">nEWS<\/h3>\t\t\t\t<\/div>\n\t\t\t\t<\/div>\n\t\t\t\t\t<\/div>\n\t\t\t\t<\/div>\n\t\t\t\t<\/div>\n\t\t","protected":false},"excerpt":{"rendered":"<p>ACTUALIT\u00c9S et CONNAISSANCES Derni\u00e8res actualit\u00e9s Connaissances nEWS<\/p>\n","protected":false},"author":2,"featured_media":0,"parent":0,"menu_order":0,"comment_status":"closed","ping_status":"closed","template":"","meta":{"footnotes":""},"class_list":["post-12782","page","type-page","status-publish","hentry"],"_links":{"self":[{"href":"https:\/\/www.ecopulppak.com\/fr\/wp-json\/wp\/v2\/pages\/12782","targetHints":{"allow":["GET"]}}],"collection":[{"href":"https:\/\/www.ecopulppak.com\/fr\/wp-json\/wp\/v2\/pages"}],"about":[{"href":"https:\/\/www.ecopulppak.com\/fr\/wp-json\/wp\/v2\/types\/page"}],"author":[{"embeddable":true,"href":"https:\/\/www.ecopulppak.com\/fr\/wp-json\/wp\/v2\/users\/2"}],"replies":[{"embeddable":true,"href":"https:\/\/www.ecopulppak.com\/fr\/wp-json\/wp\/v2\/comments?post=12782"}],"version-history":[{"count":0,"href":"https:\/\/www.ecopulppak.com\/fr\/wp-json\/wp\/v2\/pages\/12782\/revisions"}],"wp:attachment":[{"href":"https:\/\/www.ecopulppak.com\/fr\/wp-json\/wp\/v2\/media?parent=12782"}],"curies":[{"name":"wp","href":"https:\/\/api.w.org\/{rel}","templated":true}]}}