{"id":12753,"date":"2025-04-01T07:37:13","date_gmt":"2025-04-01T07:37:13","guid":{"rendered":"http:\/\/tt.test.wp\/urun\/"},"modified":"2025-07-17T07:26:41","modified_gmt":"2025-07-17T07:26:41","slug":"urun","status":"publish","type":"page","link":"https:\/\/www.ecopulppak.com\/tr\/urun\/","title":{"rendered":"\u00dcr\u00fcn"},"content":{"rendered":"\t\t<div data-elementor-type=\"wp-page\" data-elementor-id=\"12753\" class=\"elementor elementor-12753 elementor-2183\" data-elementor-post-type=\"page\">\n\t\t\t\t<div class=\"elementor-element elementor-element-4b7fe0bf e-flex e-con-boxed e-con e-parent\" data-id=\"4b7fe0bf\" data-element_type=\"container\">\n\t\t\t\t\t<div class=\"e-con-inner\">\n\t\t<div class=\"elementor-element elementor-element-63c7effc e-con-full elementor-hidden-mobile e-flex e-con e-child\" data-id=\"63c7effc\" data-element_type=\"container\">\n\t\t\t\t<div class=\"elementor-element elementor-element-56c28150 elementor-widget elementor-widget-heading\" data-id=\"56c28150\" data-element_type=\"widget\" data-widget_type=\"heading.default\">\n\t\t\t\t\t<h3 class=\"elementor-heading-title elementor-size-default\">KATEGOR\u0130LER<\/h3>\t\t\t\t<\/div>\n\t\t\t\t<div class=\"elementor-element elementor-element-142f2a25 elementor-widget elementor-widget-template\" data-id=\"142f2a25\" data-element_type=\"widget\" data-widget_type=\"template.default\">\n\t\t\t\t<div class=\"elementor-widget-container\">\n\t\t\t\t\t\t\t<div class=\"elementor-template\">\r\n\t\t\t\t\t<div data-elementor-type=\"product-archive\" data-elementor-id=\"12234\" class=\"elementor elementor-12234 elementor-628 product\" data-elementor-post-type=\"elementor_library\">\r\n\t\t\t<div class=\"elementor-element elementor-element-03eb50b e-flex e-con-boxed e-con e-parent\" data-id=\"03eb50b\" data-element_type=\"container\">\n\t\t\t\t\t<div class=\"e-con-inner\">\n\t\t\t\t<div class=\"elementor-element elementor-element-90c3c3e elementor-widget__width-inherit elementor-nav-menu__text-align-aside elementor-widget elementor-widget-nav-menu\" data-id=\"90c3c3e\" data-element_type=\"widget\" data-settings=\"{&quot;layout&quot;:&quot;dropdown&quot;,&quot;submenu_icon&quot;:{&quot;value&quot;:&quot;&lt;svg aria-hidden=\\&quot;true\\&quot; class=\\&quot;e-font-icon-svg e-fas-caret-down\\&quot; viewBox=\\&quot;0 0 320 512\\&quot; xmlns=\\&quot;http:\\\/\\\/www.w3.org\\\/2000\\\/svg\\&quot;&gt;&lt;path d=\\&quot;M31.3 192h257.3c17.8 0 26.7 21.5 14.1 34.1L174.1 354.8c-7.8 7.8-20.5 7.8-28.3 0L17.2 226.1C4.6 213.5 13.5 192 31.3 192z\\&quot;&gt;&lt;\\\/path&gt;&lt;\\\/svg&gt;&quot;,&quot;library&quot;:&quot;fa-solid&quot;}}\" data-widget_type=\"nav-menu.default\">\n\t\t\t\t\t\t\t\t<nav class=\"elementor-nav-menu--dropdown elementor-nav-menu__container\" aria-hidden=\"true\">\r\n\t\t\t\t<ul id=\"menu-2-90c3c3e\" class=\"elementor-nav-menu\"><li class=\"menu-item menu-item-type-post_type menu-item-object-page menu-item-13738\"><a href=\"https:\/\/www.ecopulppak.com\/sugarcane-bagasse-cutlery\/\" class=\"elementor-item\" tabindex=\"-1\">\u015eeker Kam\u0131\u015f\u0131 Bagas\u0131 \u00c7atal B\u0131\u00e7ak Tak\u0131m\u0131<\/a><\/li>\n<li class=\"menu-item menu-item-type-post_type menu-item-object-page menu-item-13735\"><a href=\"https:\/\/www.ecopulppak.com\/sugarcane-bagasse-bowl\/\" class=\"elementor-item\" tabindex=\"-1\">\u015eeker Kam\u0131\u015f\u0131 Bagas\u0131 Kasesi<\/a><\/li>\n<li class=\"menu-item menu-item-type-post_type menu-item-object-page menu-item-13739\"><a href=\"https:\/\/www.ecopulppak.com\/sugarcane-bagasse-plate\/\" class=\"elementor-item\" tabindex=\"-1\">\u015eeker Kam\u0131\u015f\u0131 Bagas\u0131 Taba\u011f\u0131<\/a><\/li>\n<li class=\"menu-item menu-item-type-post_type menu-item-object-page menu-item-13736\"><a href=\"https:\/\/www.ecopulppak.com\/sugarcane-bagasse-container\/\" class=\"elementor-item\" tabindex=\"-1\">\u015eeker Kam\u0131\u015f\u0131 Bagas\u0131 Kab\u0131<\/a><\/li>\n<li class=\"menu-item menu-item-type-post_type menu-item-object-page menu-item-13737\"><a href=\"https:\/\/www.ecopulppak.com\/sugarcane-bagasse-cups\/\" class=\"elementor-item\" tabindex=\"-1\">\u015eeker Kam\u0131\u015f\u0131 Bagas\u0131 Bardaklar\u0131<\/a><\/li>\n<li class=\"menu-item menu-item-type-post_type menu-item-object-page menu-item-13734\"><a href=\"https:\/\/www.ecopulppak.com\/paper-straw\/\" class=\"elementor-item\" tabindex=\"-1\">Ka\u011f\u0131t Pipet<\/a><\/li>\n<li class=\"menu-item menu-item-type-post_type menu-item-object-page menu-item-13730\"><a href=\"https:\/\/www.ecopulppak.com\/paper-bowl\/\" class=\"elementor-item\" tabindex=\"-1\">Ka\u011f\u0131t Kase<\/a><\/li>\n<li class=\"menu-item menu-item-type-post_type menu-item-object-page menu-item-13733\"><a href=\"https:\/\/www.ecopulppak.com\/paper-plate\/\" class=\"elementor-item\" tabindex=\"-1\">Ka\u011f\u0131t tabak<\/a><\/li>\n<li class=\"menu-item menu-item-type-post_type menu-item-object-page menu-item-13731\"><a href=\"https:\/\/www.ecopulppak.com\/paper-container\/\" class=\"elementor-item\" tabindex=\"-1\">Ka\u011f\u0131t Kap<\/a><\/li>\n<li class=\"menu-item menu-item-type-post_type menu-item-object-page menu-item-13732\"><a href=\"https:\/\/www.ecopulppak.com\/paper-cups\/\" class=\"elementor-item\" tabindex=\"-1\">Ka\u011f\u0131t Bardaklar<\/a><\/li>\n<\/ul>\t\t\t<\/nav>\r\n\t\t\t\t\t\t<\/div>\n\t\t\t\t\t<\/div>\n\t\t\t\t<\/div>\n\t\t\t\t<\/div>\r\n\t\t\t\t<\/div>\r\n\t\t\t\t\t\t<\/div>\n\t\t\t\t<\/div>\n\t\t\t\t<\/div>\n\t\t<div class=\"elementor-element elementor-element-3b8916c3 e-con-full e-flex e-con e-child\" data-id=\"3b8916c3\" data-element_type=\"container\">\n\t\t\t\t<div class=\"elementor-element elementor-element-3d97483e elementor-widget elementor-widget-heading\" data-id=\"3d97483e\" data-element_type=\"widget\" data-widget_type=\"heading.default\">\n\t\t\t\t\t<h2 class=\"elementor-heading-title elementor-size-default\">\u00dcr\u00fcn<\/h2>\t\t\t\t<\/div>\n\t\t\t\t<div class=\"elementor-element elementor-element-103c671 elementor-widget elementor-widget-kevinchen_category_products\" data-id=\"103c671\" data-element_type=\"widget\" data-widget_type=\"kevinchen_category_products.default\">\n\t\t\t\t<div class=\"elementor-widget-container\">\n\t\t\t\t\t        <div class=\"kevinchen-category-products-widget\" data-widget-id=\"103c671\" data-current-page=\"1\" data-categories=\"45,46,47,48,52,53,54,55,56\" data-products-per-page=\"12\" data-columns=\"3\">\n            <div class=\"kcp-products-container\">\n                                    <div class=\"kcp-products-grid columns-3\">\n                                                                                <div class=\"kcp-product-item\">\n                                <a href=\"https:\/\/www.ecopulppak.com\/tr\/kagit-bardaklar\/4-oz-sicak-bardaklar\/\" class=\"kcp-product-link\">\n                                    <div class=\"kcp-product-image-wrapper\">\n                                        <img decoding=\"async\" src=\"https:\/\/www.ecopulppak.com\/wp-content\/uploads\/2026\/03\/4-oz-hot-cups-1-300x300.jpg\" alt=\"4 Oz S\u0131cak Bardaklar\" class=\"kcp-product-image\">\n                                    <\/div>\n                                    <h3 class=\"kcp-product-title\">4 Oz S\u0131cak Bardaklar<\/h3>\n                                <\/a>\n                            <\/div>\n                                                                                <div class=\"kcp-product-item\">\n                                <a href=\"https:\/\/www.ecopulppak.com\/tr\/kagit-kase\/yuvarlak-kagit-kase\/\" class=\"kcp-product-link\">\n                                    <div class=\"kcp-product-image-wrapper\">\n                                        <img decoding=\"async\" src=\"https:\/\/www.ecopulppak.com\/wp-content\/uploads\/2026\/03\/round-paper-bowl-1-300x300.jpg\" alt=\"Yuvarlak Ka\u011f\u0131t Kase\" class=\"kcp-product-image\">\n                                    <\/div>\n                                    <h3 class=\"kcp-product-title\">Yuvarlak Ka\u011f\u0131t Kase<\/h3>\n                                <\/a>\n                            <\/div>\n                                                                                <div class=\"kcp-product-item\">\n                                <a href=\"https:\/\/www.ecopulppak.com\/tr\/seker-kamisi-bagasi-kabi\/cevre-dostu-tek-kullanimlik-kutular\/\" class=\"kcp-product-link\">\n                                    <div class=\"kcp-product-image-wrapper\">\n                                        <img decoding=\"async\" src=\"https:\/\/www.ecopulppak.com\/wp-content\/uploads\/2026\/02\/eco-friendly-disposable-boxes-1-300x300.jpg\" alt=\"\u00c7evre Dostu Tek Kullan\u0131ml\u0131k Kutular\" class=\"kcp-product-image\">\n                                    <\/div>\n                                    <h3 class=\"kcp-product-title\">\u00c7evre Dostu Tek Kullan\u0131ml\u0131k Kutular<\/h3>\n                                <\/a>\n                            <\/div>\n                                                                                <div class=\"kcp-product-item\">\n                                <a href=\"https:\/\/www.ecopulppak.com\/tr\/kagit-pipet\/tek-kullanimlik-pipet\/\" class=\"kcp-product-link\">\n                                    <div class=\"kcp-product-image-wrapper\">\n                                        <img decoding=\"async\" src=\"https:\/\/www.ecopulppak.com\/wp-content\/uploads\/2025\/12\/disposable-straw-1-300x300.jpg\" alt=\"Tek kullan\u0131ml\u0131k pipet\" class=\"kcp-product-image\">\n                                    <\/div>\n                                    <h3 class=\"kcp-product-title\">Tek kullan\u0131ml\u0131k pipet<\/h3>\n                                <\/a>\n                            <\/div>\n                                                                                <div class=\"kcp-product-item\">\n                                <a href=\"https:\/\/www.ecopulppak.com\/tr\/seker-kamisi-bagasi-kabi\/seker-kamisi-bagasse-kaplari\/\" class=\"kcp-product-link\">\n                                    <div class=\"kcp-product-image-wrapper\">\n                                        <img decoding=\"async\" src=\"https:\/\/www.ecopulppak.com\/wp-content\/uploads\/2025\/12\/sugarcane-bagasse-containers-1-300x300.jpg\" alt=\"\u015eeker Kam\u0131\u015f\u0131 Bagasse Kaplar\u0131\" class=\"kcp-product-image\">\n                                    <\/div>\n                                    <h3 class=\"kcp-product-title\">\u015eeker Kam\u0131\u015f\u0131 Bagasse Kaplar\u0131<\/h3>\n                                <\/a>\n                            <\/div>\n                                                                                <div class=\"kcp-product-item\">\n                                <a href=\"https:\/\/www.ecopulppak.com\/tr\/seker-kamisi-bagasi-kabi\/tek-kullanimlik-corba-kabi\/\" class=\"kcp-product-link\">\n                                    <div class=\"kcp-product-image-wrapper\">\n                                        <img decoding=\"async\" src=\"https:\/\/www.ecopulppak.com\/wp-content\/uploads\/2025\/12\/disposable-soup-container-1-300x300.jpg\" alt=\"Tek Kullan\u0131ml\u0131k \u00c7orba Kab\u0131\" class=\"kcp-product-image\">\n                                    <\/div>\n                                    <h3 class=\"kcp-product-title\">Tek Kullan\u0131ml\u0131k \u00c7orba Kab\u0131<\/h3>\n                                <\/a>\n                            <\/div>\n                                                                                <div class=\"kcp-product-item\">\n                                <a href=\"https:\/\/www.ecopulppak.com\/tr\/seker-kamisi-bagasi-kabi\/kompostlanabilir-corba-kaplari\/\" class=\"kcp-product-link\">\n                                    <div class=\"kcp-product-image-wrapper\">\n                                        <img decoding=\"async\" src=\"https:\/\/www.ecopulppak.com\/wp-content\/uploads\/2025\/12\/compostable-soup-containers-3-1-300x300.jpg\" alt=\"Kompostlanabilir \u00c7orba Kaplar\u0131\" class=\"kcp-product-image\">\n                                    <\/div>\n                                    <h3 class=\"kcp-product-title\">Kompostlanabilir \u00c7orba Kaplar\u0131<\/h3>\n                                <\/a>\n                            <\/div>\n                                                                                <div class=\"kcp-product-item\">\n                                <a href=\"https:\/\/www.ecopulppak.com\/tr\/seker-kamisi-bagasi-kabi\/biyobozunabilir-sushi-kaplari\/\" class=\"kcp-product-link\">\n                                    <div class=\"kcp-product-image-wrapper\">\n                                        <img decoding=\"async\" src=\"https:\/\/www.ecopulppak.com\/wp-content\/uploads\/2025\/12\/biodegradable-sushi-containers-1-300x300.jpg\" alt=\"Biyobozunabilir Sushi Kaplar\u0131\" class=\"kcp-product-image\">\n                                    <\/div>\n                                    <h3 class=\"kcp-product-title\">Biyobozunabilir Sushi Kaplar\u0131<\/h3>\n                                <\/a>\n                            <\/div>\n                                                                                <div class=\"kcp-product-item\">\n                                <a href=\"https:\/\/www.ecopulppak.com\/tr\/seker-kamisi-bagasi-kabi\/sushi-paket-paketleri\/\" class=\"kcp-product-link\">\n                                    <div class=\"kcp-product-image-wrapper\">\n                                        <img decoding=\"async\" src=\"https:\/\/www.ecopulppak.com\/wp-content\/uploads\/2025\/12\/sushi-takeaway-boxes-1-300x300.jpg\" alt=\"Sushi Paket Paketleri\" class=\"kcp-product-image\">\n                                    <\/div>\n                                    <h3 class=\"kcp-product-title\">Sushi Paket Paketleri<\/h3>\n                                <\/a>\n                            <\/div>\n                                                                                <div class=\"kcp-product-item\">\n                                <a href=\"https:\/\/www.ecopulppak.com\/tr\/seker-kamisi-bagasi-kabi\/bento-kutusu-paketleme\/\" class=\"kcp-product-link\">\n                                    <div class=\"kcp-product-image-wrapper\">\n                                        <img decoding=\"async\" src=\"https:\/\/www.ecopulppak.com\/wp-content\/uploads\/2025\/12\/packaging-bento-box-1-300x300.jpg\" alt=\"Bento Kutusu Paketleme\" class=\"kcp-product-image\">\n                                    <\/div>\n                                    <h3 class=\"kcp-product-title\">Bento Kutusu Paketleme<\/h3>\n                                <\/a>\n                            <\/div>\n                                                                                <div class=\"kcp-product-item\">\n                                <a href=\"https:\/\/www.ecopulppak.com\/tr\/seker-kamisi-bagasi-kabi\/gida-kabugu-ambalaji\/\" class=\"kcp-product-link\">\n                                    <div class=\"kcp-product-image-wrapper\">\n                                        <img decoding=\"async\" src=\"https:\/\/www.ecopulppak.com\/wp-content\/uploads\/2025\/12\/food-clamshell-packaging-2-300x300.jpg\" alt=\"G\u0131da Kabu\u011fu Ambalaj\u0131\" class=\"kcp-product-image\">\n                                    <\/div>\n                                    <h3 class=\"kcp-product-title\">G\u0131da Kabu\u011fu Ambalaj\u0131<\/h3>\n                                <\/a>\n                            <\/div>\n                                                                                <div class=\"kcp-product-item\">\n                                <a href=\"https:\/\/www.ecopulppak.com\/tr\/seker-kamisi-bagasi-kabi\/kompostlanabilir-deniz-kabugu\/\" class=\"kcp-product-link\">\n                                    <div class=\"kcp-product-image-wrapper\">\n                                        <img decoding=\"async\" src=\"https:\/\/www.ecopulppak.com\/wp-content\/uploads\/2025\/12\/compostable-clamshell-300x300.jpg\" alt=\"Kompostlanabilir Deniz Kabu\u011fu\" class=\"kcp-product-image\">\n                                    <\/div>\n                                    <h3 class=\"kcp-product-title\">Kompostlanabilir Deniz Kabu\u011fu<\/h3>\n                                <\/a>\n                            <\/div>\n                                            <\/div>\n                    \n                                            <div class=\"kcp-pagination\">\n                            <div class=\"kcp-pagination-numbers\"><span class=\"kcp-pagination-number current\">1<\/span><a href=\"#\" class=\"kcp-pagination-number\" data-page=\"2\">2<\/a><a href=\"#\" class=\"kcp-pagination-number\" data-page=\"3\">3<\/a><span class=\"kcp-pagination-dots\">&hellip;<\/span><a href=\"#\" class=\"kcp-pagination-number\" data-page=\"8\">8<\/a><\/div><a href=\"#\" class=\"kcp-pagination-next\" data-page=\"2\" aria-label=\"\u4e0b\u4e00\u9875\">&raquo;<\/a>                        <\/div>\n                                        \n                                \n                            <\/div>\n        <\/div>\n        \t\t\t\t<\/div>\n\t\t\t\t<\/div>\n\t\t\t\t<\/div>\n\t\t\t\t\t<\/div>\n\t\t\t\t<\/div>\n\t\t\t\t<\/div>\n\t\t","protected":false},"excerpt":{"rendered":"<p>KATEGOR\u0130LER \u00dcr\u00fcn 10 Oz Paper Cups 12Oz Double Wall Cups Paper Bowl 12 Oz 16 Oz Paper Bowls Paper Party Bowls Hot Soup Paper Bowl Bagasse Clamshell Burger Box Supplier 5 Compartment Food Container 4 Compartment Food Containers Biodegradable Clamshell 5 Compartment Disposable Plates 123&hellip;5&raquo;<\/p>\n","protected":false},"author":2,"featured_media":0,"parent":0,"menu_order":0,"comment_status":"closed","ping_status":"closed","template":"","meta":{"footnotes":""},"class_list":["post-12753","page","type-page","status-publish","hentry"],"_links":{"self":[{"href":"https:\/\/www.ecopulppak.com\/tr\/wp-json\/wp\/v2\/pages\/12753","targetHints":{"allow":["GET"]}}],"collection":[{"href":"https:\/\/www.ecopulppak.com\/tr\/wp-json\/wp\/v2\/pages"}],"about":[{"href":"https:\/\/www.ecopulppak.com\/tr\/wp-json\/wp\/v2\/types\/page"}],"author":[{"embeddable":true,"href":"https:\/\/www.ecopulppak.com\/tr\/wp-json\/wp\/v2\/users\/2"}],"replies":[{"embeddable":true,"href":"https:\/\/www.ecopulppak.com\/tr\/wp-json\/wp\/v2\/comments?post=12753"}],"version-history":[{"count":0,"href":"https:\/\/www.ecopulppak.com\/tr\/wp-json\/wp\/v2\/pages\/12753\/revisions"}],"wp:attachment":[{"href":"https:\/\/www.ecopulppak.com\/tr\/wp-json\/wp\/v2\/media?parent=12753"}],"curies":[{"name":"wp","href":"https:\/\/api.w.org\/{rel}","templated":true}]}}